{"id":18182,"date":"2024-06-10T13:30:18","date_gmt":"2024-06-10T10:30:18","guid":{"rendered":"https:\/\/megapolhastanesi.com.tr\/en\/?page_id=18182"},"modified":"2024-07-02T17:52:44","modified_gmt":"2024-07-02T14:52:44","slug":"gynecomastia","status":"publish","type":"page","link":"https:\/\/megapolhastanesi.com.tr\/en\/health-beauty\/breast-aesthetics\/gynecomastia\/","title":{"rendered":"Gynecomastia"},"content":{"rendered":"<div data-elementor-type=\"wp-page\" data-elementor-id=\"18182\" class=\"elementor elementor-18182\" data-elementor-post-type=\"page\">\n\t\t\t\t\t\t<section class=\"lqd-css-sticky elementor-section elementor-top-section elementor-element elementor-element-9128c16 elementor-section-boxed elementor-section-height-default elementor-section-height-default wpr-particle-no wpr-jarallax-no wpr-parallax-no\" style=\"top: auto; top: -20px;\" data-id=\"9128c16\" data-element_type=\"section\" data-settings=\"{&quot;background_background&quot;:&quot;gradient&quot;}\">\n\t\t\t\t\t\t<div class=\"elementor-container elementor-column-gap-default\">\n\t\t\t\t\t<div class=\"elementor-column elementor-col-50 elementor-top-column elementor-element elementor-element-5d8de69\" data-id=\"5d8de69\" data-element_type=\"column\">\n\t\t\t<div class=\"elementor-widget-wrap elementor-element-populated\">\n\t\t\t\t\t\t<div class=\"elementor-element elementor-element-ad9ab81 elementor-widget elementor-widget-spacer\" data-id=\"ad9ab81\" data-element_type=\"widget\" data-widget_type=\"spacer.default\">\n\t\t\t\t<div class=\"elementor-widget-container\">\n\t\t\t<style>\/*! elementor - v3.20.0 - 20-03-2024 *\/\n.elementor-column .elementor-spacer-inner{height:var(--spacer-size)}.e-con{--container-widget-width:100%}.e-con-inner>.elementor-widget-spacer,.e-con>.elementor-widget-spacer{width:var(--container-widget-width,var(--spacer-size));--align-self:var(--container-widget-align-self,initial);--flex-shrink:0}.e-con-inner>.elementor-widget-spacer>.elementor-widget-container,.e-con>.elementor-widget-spacer>.elementor-widget-container{height:100%;width:100%}.e-con-inner>.elementor-widget-spacer>.elementor-widget-container>.elementor-spacer,.e-con>.elementor-widget-spacer>.elementor-widget-container>.elementor-spacer{height:100%}.e-con-inner>.elementor-widget-spacer>.elementor-widget-container>.elementor-spacer>.elementor-spacer-inner,.e-con>.elementor-widget-spacer>.elementor-widget-container>.elementor-spacer>.elementor-spacer-inner{height:var(--container-widget-height,var(--spacer-size))}.e-con-inner>.elementor-widget-spacer.elementor-widget-empty,.e-con>.elementor-widget-spacer.elementor-widget-empty{position:relative;min-height:22px;min-width:22px}.e-con-inner>.elementor-widget-spacer.elementor-widget-empty .elementor-widget-empty-icon,.e-con>.elementor-widget-spacer.elementor-widget-empty .elementor-widget-empty-icon{position:absolute;top:0;bottom:0;left:0;right:0;margin:auto;padding:0;width:22px;height:22px}<\/style>\t\t<div class=\"elementor-spacer\">\n\t\t\t<div class=\"elementor-spacer-inner\"><\/div>\n\t\t<\/div>\n\t\t\t\t<\/div>\n\t\t\t\t<\/div>\n\t\t\t\t<div class=\"elementor-element elementor-element-ed25d05 elementor-widget__width-auto elementor-widget-mobile__width-inherit elementor-widget elementor-widget-heading\" data-id=\"ed25d05\" data-element_type=\"widget\" data-widget_type=\"heading.default\">\n\t\t\t\t<div class=\"elementor-widget-container\">\n\t\t\t<style>\/*! elementor - v3.20.0 - 20-03-2024 *\/\n.elementor-heading-title{padding:0;margin:0;line-height:1}.elementor-widget-heading .elementor-heading-title[class*=elementor-size-]>a{color:inherit;font-size:inherit;line-height:inherit}.elementor-widget-heading .elementor-heading-title.elementor-size-small{font-size:15px}.elementor-widget-heading .elementor-heading-title.elementor-size-medium{font-size:19px}.elementor-widget-heading .elementor-heading-title.elementor-size-large{font-size:29px}.elementor-widget-heading .elementor-heading-title.elementor-size-xl{font-size:39px}.elementor-widget-heading .elementor-heading-title.elementor-size-xxl{font-size:59px}<\/style><div class=\"elementor-heading-title elementor-size-default\"><div class=\"aioseo-breadcrumbs\"><span class=\"aioseo-breadcrumb\">\n\tAnasayfa\n<\/span><\/div><\/div>\t\t<\/div>\n\t\t\t\t<\/div>\n\t\t\t\t\t<\/div>\n\t\t<\/div>\n\t\t\t\t<div class=\"elementor-column elementor-col-50 elementor-top-column elementor-element elementor-element-e9364ad\" data-id=\"e9364ad\" data-element_type=\"column\">\n\t\t\t<div class=\"elementor-widget-wrap elementor-element-populated\">\n\t\t\t\t\t\t<div class=\"elementor-element elementor-element-a416da6 elementor-widget__width-auto elementor-widget elementor-widget-ld_button\" data-id=\"a416da6\" data-element_type=\"widget\" data-widget_type=\"ld_button.default\">\n\t\t\t\t<div class=\"elementor-widget-container\">\n\t\t\t\n\t\t\t<a\n\t\t\t\thref=\"#bolum-icerigi\"class=\"elementor-button btn btn-solid btn-hover-txt-liquid-x btn-icon-block btn-icon-top btn-has-label\"\t\t\t>\n\t\t\t\t\t\t\t\t\t<span data-text=\"TREATMENT CONTENT\" class=\"btn-txt\" data-transition-delay=\"true\" data-delay-options=\"{&quot;elements&quot;: &quot;.lqd-chars&quot;, &quot;delayType&quot;: &quot;animation&quot;, &quot;startDelay&quot;: 0, &quot;delayBetween&quot;: 32.5}\" data-split-text=\"true\" data-split-options=\"{&quot;type&quot;: &quot;chars, words&quot;}\">\n\t\t\t\t\t\tTREATMENT CONTENT\t\t\t\t\t<\/span>\n\t\t\t\t\t\t\t\t\t\t\t\t\t\t<span class=\"btn-icon\">\n\t\t\t\t\t\t\t<i aria-hidden=\"true\" class=\"fas fa-info-circle\"><\/i>\t\t\t\t\t\t<\/span>\n\t\t\t\t\t\t\t\t\t<\/a>\n\t\t\t\t\t<\/div>\n\t\t\t\t<\/div>\n\t\t\t\t<div class=\"elementor-element elementor-element-58ebf6d elementor-widget__width-auto elementor-widget elementor-widget-ld_button\" data-id=\"58ebf6d\" data-element_type=\"widget\" data-widget_type=\"ld_button.default\">\n\t\t\t\t<div class=\"elementor-widget-container\">\n\t\t\t\n\t\t\t<a\n\t\t\t\thref=\"#sss\"class=\"elementor-button btn btn-solid btn-hover-txt-liquid-x btn-icon-block btn-icon-top btn-has-label\"\t\t\t>\n\t\t\t\t\t\t\t\t\t<span data-text=\"FAQ\" class=\"btn-txt\" data-transition-delay=\"true\" data-delay-options=\"{&quot;elements&quot;: &quot;.lqd-chars&quot;, &quot;delayType&quot;: &quot;animation&quot;, &quot;startDelay&quot;: 0, &quot;delayBetween&quot;: 32.5}\" data-split-text=\"true\" data-split-options=\"{&quot;type&quot;: &quot;chars, words&quot;}\">\n\t\t\t\t\t\tFAQ\t\t\t\t\t<\/span>\n\t\t\t\t\t\t\t\t\t\t\t\t\t\t<span class=\"btn-icon\">\n\t\t\t\t\t\t\t<i aria-hidden=\"true\" class=\"fas fa-question-circle\"><\/i>\t\t\t\t\t\t<\/span>\n\t\t\t\t\t\t\t\t\t<\/a>\n\t\t\t\t\t<\/div>\n\t\t\t\t<\/div>\n\t\t\t\t\t<\/div>\n\t\t<\/div>\n\t\t\t\t\t<\/div>\n\t\t<\/section>\n\t\t\t\t<section class=\"elementor-section elementor-top-section elementor-element elementor-element-a7e94fe elementor-section-boxed elementor-section-height-default elementor-section-height-default wpr-particle-no wpr-jarallax-no wpr-parallax-no wpr-sticky-section-no\" data-id=\"a7e94fe\" data-element_type=\"section\" id=\"bolum-icerigi\" data-settings=\"{&quot;background_background&quot;:&quot;classic&quot;}\">\n\t\t\t\t\t\t<div class=\"elementor-container elementor-column-gap-default\">\n\t\t\t\t\t<div class=\"elementor-column elementor-col-100 elementor-top-column elementor-element elementor-element-417fc04\" data-id=\"417fc04\" data-element_type=\"column\">\n\t\t\t<div class=\"elementor-widget-wrap elementor-element-populated\">\n\t\t\t\t\t\t<div class=\"elementor-element elementor-element-a01c5f2 elementor-widget elementor-widget-heading\" data-id=\"a01c5f2\" data-element_type=\"widget\" data-widget_type=\"heading.default\">\n\t\t\t\t<div class=\"elementor-widget-container\">\n\t\t\t<div class=\"elementor-heading-title elementor-size-default\">TREATMENT CONTENT<\/div>\t\t<\/div>\n\t\t\t\t<\/div>\n\t\t\t\t<div class=\"elementor-element elementor-element-bc74197 elementor-widget elementor-widget-spacer\" data-id=\"bc74197\" data-element_type=\"widget\" data-widget_type=\"spacer.default\">\n\t\t\t\t<div class=\"elementor-widget-container\">\n\t\t\t\t\t<div class=\"elementor-spacer\">\n\t\t\t<div class=\"elementor-spacer-inner\"><\/div>\n\t\t<\/div>\n\t\t\t\t<\/div>\n\t\t\t\t<\/div>\n\t\t\t\t<div class=\"elementor-element elementor-element-3eb417b elementor-widget elementor-widget-text-editor\" data-id=\"3eb417b\" data-element_type=\"widget\" data-widget_type=\"text-editor.default\">\n\t\t\t\t<div class=\"elementor-widget-container\">\n\t\t\t<style>\/*! elementor - v3.20.0 - 20-03-2024 *\/\n.elementor-widget-text-editor.elementor-drop-cap-view-stacked .elementor-drop-cap{background-color:#69727d;color:#fff}.elementor-widget-text-editor.elementor-drop-cap-view-framed .elementor-drop-cap{color:#69727d;border:3px solid;background-color:transparent}.elementor-widget-text-editor:not(.elementor-drop-cap-view-default) .elementor-drop-cap{margin-top:8px}.elementor-widget-text-editor:not(.elementor-drop-cap-view-default) .elementor-drop-cap-letter{width:1em;height:1em}.elementor-widget-text-editor .elementor-drop-cap{float:left;text-align:center;line-height:1;font-size:50px}.elementor-widget-text-editor .elementor-drop-cap-letter{display:inline-block}<\/style>\t\t\t\t<p>Jinekomasti erkeklerde meme b\u00fcy\u00fcmesi olarak adland\u0131r\u0131lmaktad\u0131r. Bu durum asl\u0131nda \u00e7ok s\u0131k rastlanan bir durumdur. Meme b\u00fcy\u00fcmesinin sebepleri; hormonsal problemler, ergenlik, tiroit hastal\u0131klar\u0131, karaci\u011fer rahats\u0131zl\u0131klar\u0131, ya\u015fl\u0131l\u0131k, fazlaca alkol kullan\u0131m\u0131 ve kullan\u0131lan baz\u0131 ila\u00e7lard\u0131r. Erkek meme dokusunun kad\u0131n memesinden hi\u00e7bir fark\u0131 yoktur. \u0130\u00e7erisinde s\u00fct sentezleyen bezler, kanallar ve ya\u011f dokusu bulunmaktad\u0131r. Erkeklerde g\u00f6r\u00fclen jinekomasti yani meme b\u00fcy\u00fcmesi farkl\u0131 \u015fekillerde meydana gelmektedir. Yaln\u0131zca meme dokusunun artmas\u0131yla ilgili olarak, sadece ya\u011f dokusunun artmas\u0131yla ilgili olarak veya da hem meme hem ya\u011f dokusunun artmas\u0131yla ilgili olarak kendini g\u00f6stermektedir. Jinekomasti hastalar\u0131n\u0131n \u00e7o\u011funda hi\u00e7bir sebep yokken meme b\u00fcy\u00fcmesi ortaya \u00e7\u0131kmaktad\u0131r. Meme b\u00fcy\u00fcmesinin sa\u011fl\u0131k a\u00e7\u0131s\u0131ndan hi\u00e7bir zarar\u0131 yoktur. Yaln\u0131zca erkeklerde olu\u015fan sosyal ve psikolojik bir durum s\u00f6z konusudur. \u00d6zellikle de ki\u015fi ergenlik \u00e7a\u011f\u0131nda ise bu problem onun i\u00e7in daha da b\u00fcy\u00fck sorunlara yol a\u00e7acakt\u0131r. Bu sebeple hemen m\u00fcdahale edilmeli ve ki\u015finin psikolojisi kontrol alt\u0131na al\u0131nmal\u0131d\u0131r.<\/p><p><strong>Meme b\u00fcy\u00fcmesi i\u00e7in ameliyat gerekli mi?<\/strong><\/p><p>Jinekomasti ameliyat\u0131n\u0131 bu durum herhangi bir hastal\u0131\u011f\u0131n nedeniyle olu\u015fmuyorsa ve ergenlik d\u00f6neminde de\u011filseniz cerrahi bir m\u00fcdahale gerekli olacakt\u0131r. Jinekomasti genellikle estetik a\u00e7\u0131dan rahats\u0131zl\u0131k ve psikolojik sorunlar olu\u015fturur. Bu sebeple de hastan\u0131n bu ameliyat\u0131 yapt\u0131rabilecek durumu yok ise jinekomasti atletlerini kullanmas\u0131 tavsiye edilmektedir. Jinekomasti atletleri t\u0131pk\u0131 kad\u0131nlar\u0131n kulland\u0131\u011f\u0131 korseler gibi memenizdeki fazlal\u0131\u011f\u0131 gizlemektedir.<\/p><p><strong>Jinekomasti ameliyat\u0131nda ya\u015f s\u0131n\u0131r\u0131 var m\u0131?<\/strong><\/p><p>Jinekomasti ameliyatlar\u0131nda belirli bir ya\u015f s\u0131n\u0131r\u0131 olmamas\u0131na kar\u015f\u0131n hasta ergenlik d\u00f6neminde ise \u00f6ncelikle beklemesini tavsiye etmekteyiz. \u00c7\u00fcnk\u00fc ergenlik d\u00f6neminde g\u00f6r\u00fclen meme b\u00fcy\u00fcmesinin bu d\u00f6nemden sonra kendili\u011finden ge\u00e7ti\u011fi g\u00f6zlemlenmi\u015ftir. Ergenlik d\u00f6nemi bittikten sonra bu ameliyat rahatl\u0131kla yap\u0131labilir. Ki\u015fiye ilk olarak gerekli tahlilleri yapt\u0131rmal\u0131 ve ard\u0131ndan vakit kaybedilmeden jinekomasti yap\u0131lmal\u0131d\u0131r. Bu sayede psikolojik sorunlar olu\u015fmadan meme b\u00fcy\u00fcmesinin de \u00f6n\u00fcne ge\u00e7ilmi\u015f olacakt\u0131r.<\/p><p><strong>Jinekomasti ameliyat\u0131ndan sonra v\u00fccudumda iz kalacak m\u0131?<\/strong><\/p><p>Meme b\u00fcy\u00fcmesinin sebebi b\u00f6lgedeki ya\u011f\u0131n art\u0131\u015f\u0131 ise bu problem liposuction ile \u00e7\u00f6z\u00fclebilir. Liposuction i\u015flemi k\u00fc\u00e7\u00fck delikler a\u00e7\u0131larak yap\u0131ld\u0131\u011f\u0131 i\u00e7in ameliyat izi olu\u015fmayacakt\u0131r. Fakat meme b\u00fcy\u00fcmesinin sebebi memelerdeki bez dokusundaki b\u00fcy\u00fcmeden kaynaklan\u0131yor ise meme ba\u015f\u0131n\u0131n alt\u0131ndan yap\u0131lacak olan kesikle fazla olan doku al\u0131nmal\u0131d\u0131r. Bu b\u00f6lgede koyu renkli b\u00f6l\u00fcm\u00fcn alt\u0131ndan a\u00e7\u0131laca\u011f\u0131 i\u00e7in izler dikkat \u00e7ekmeyecek ve zamanla silikle\u015fecektir.<\/p><p><strong>Jinekomasti ameliyat\u0131 ne kadar s\u00fcrer? Ameliyattan sonra \u00e7ok a\u011fr\u0131 hisseder miyim?<\/strong><\/p><p>Jinekomasti yani meme k\u00fc\u00e7\u00fcltme ameliyat\u0131 sedasyon anestezi veya genel anestezi ile beraber yap\u0131lmaktad\u0131r. \u00c7o\u011funlukla sedasyon anestezi tercih edilerek yap\u0131lan ameliyatlardan sonra hasta ayn\u0131 g\u00fcn evine gidebilir. Jinekomasti ameliyatlar\u0131n\u0131n s\u00fcresi memenin b\u00fcy\u00fckl\u00fc\u011f\u00fcne ve hangi y\u00f6ntemle yap\u0131ld\u0131\u011f\u0131yla ilgili olarak yar\u0131m saat ile bir saat aras\u0131nda de\u011fi\u015fmektedir. Ameliyat\u0131n ard\u0131ndan dokular\u0131n alt\u0131na verilen anesteziler yard\u0131m\u0131 ile hi\u00e7 a\u011fr\u0131 hissetmezsiniz. Fakat bir iki g\u00fcn sonras\u0131nda hafif a\u011fr\u0131lar hissedebilirsiniz. Bu son derece normal bir durumdur. Genellikle doktorlar taraf\u0131ndan jinekomasti ameliyat\u0131ndan sonra bir ay kadar korse giymeleri tavsiye edilmektedir. Bunun sebebi de meme dokusunun yeni yerine daha iyi yap\u0131\u015fmas\u0131n\u0131n ve o b\u00f6lgenin s\u0131k\u0131la\u015fmas\u0131n\u0131n sa\u011flanmas\u0131d\u0131r.<\/p><p><strong>Jinekomasti ameliyat\u0131ndan sonra ki sonu\u00e7 kal\u0131c\u0131 olur mu? Meme tekrar b\u00fcy\u00fcr m\u00fc?<\/strong><\/p><p>Erkeklerde meme k\u00fc\u00e7\u00fcltme ameliyat\u0131nda ki sonucun kal\u0131c\u0131 olmas\u0131 i\u00e7in kilo art\u0131\u015f\u0131n\u0131n korunmas\u0131 gerekmektedir. Herhangi bir kilo art\u0131\u015f\u0131 g\u00f6r\u00fclmez ise ya\u011f dokular\u0131 bu b\u00f6lgeden tamamen al\u0131naca\u011f\u0131 i\u00e7in tekrar b\u00fcy\u00fcme g\u00f6r\u00fclmeyecektir. K\u0131sacas\u0131 jinekomasti ameliyat\u0131ndan sonra meme b\u00fcy\u00fcmesi olay\u0131ndan tamamen kurtulmu\u015f olacaks\u0131n\u0131z.<\/p>\t\t\t\t\t\t<\/div>\n\t\t\t\t<\/div>\n\t\t\t\t\t<\/div>\n\t\t<\/div>\n\t\t\t\t\t<\/div>\n\t\t<\/section>\n\t\t\t\t<section class=\"elementor-section elementor-top-section elementor-element elementor-element-457cd389 elementor-section-boxed elementor-section-height-default elementor-section-height-default wpr-particle-no wpr-jarallax-no wpr-parallax-no wpr-sticky-section-no\" data-id=\"457cd389\" data-element_type=\"section\" id=\"sss\" data-settings=\"{&quot;background_background&quot;:&quot;classic&quot;}\">\n\t\t\t\t\t\t<div class=\"elementor-container elementor-column-gap-default\">\n\t\t\t\t\t<div class=\"elementor-column elementor-col-100 elementor-top-column elementor-element elementor-element-9ef7e21\" data-id=\"9ef7e21\" data-element_type=\"column\">\n\t\t\t<div class=\"elementor-widget-wrap elementor-element-populated\">\n\t\t\t\t\t\t<section class=\"elementor-section elementor-inner-section elementor-element elementor-element-37d8843 elementor-section-boxed elementor-section-height-default elementor-section-height-default wpr-particle-no wpr-jarallax-no wpr-parallax-no wpr-sticky-section-no\" data-id=\"37d8843\" data-element_type=\"section\">\n\t\t\t\t\t\t<div class=\"elementor-container elementor-column-gap-default\">\n\t\t\t\t\t<div class=\"elementor-column elementor-col-50 elementor-inner-column elementor-element elementor-element-2e9b1d59\" data-id=\"2e9b1d59\" data-element_type=\"column\">\n\t\t\t<div class=\"elementor-widget-wrap elementor-element-populated\">\n\t\t\t\t\t\t<div class=\"elementor-element elementor-element-6f8a09bf elementor-widget elementor-widget-image\" data-id=\"6f8a09bf\" data-element_type=\"widget\" data-widget_type=\"image.default\">\n\t\t\t\t<div class=\"elementor-widget-container\">\n\t\t\t<style>\/*! elementor - v3.20.0 - 20-03-2024 *\/\n.elementor-widget-image{text-align:center}.elementor-widget-image a{display:inline-block}.elementor-widget-image a img[src$=\".svg\"]{width:48px}.elementor-widget-image img{vertical-align:middle;display:inline-block}<\/style>\t\t\t\t\t\t\t\t\t\t<img fetchpriority=\"high\" decoding=\"async\" width=\"690\" height=\"640\" src=\"https:\/\/megapolhastanesi.com.tr\/en\/wp-content\/uploads\/2024\/06\/jinekomasti-1.jpg\" class=\"attachment-full size-full wp-image-18187\" alt=\"\" srcset=\"https:\/\/megapolhastanesi.com.tr\/en\/wp-content\/uploads\/2024\/06\/jinekomasti-1.jpg 690w,  https:\/\/megapolhastanesi.com.tr\/en\/wp-content\/uploads\/2024\/06\/jinekomasti-1-300x278.jpg 300w\" sizes=\"(max-width: 690px) 100vw, 690px\" \/>\t\t\t\t\t\t\t\t\t\t\t\t\t<\/div>\n\t\t\t\t<\/div>\n\t\t\t\t\t<\/div>\n\t\t<\/div>\n\t\t\t\t<div class=\"elementor-column elementor-col-50 elementor-inner-column elementor-element elementor-element-6ea45262\" data-id=\"6ea45262\" data-element_type=\"column\">\n\t\t\t<div class=\"elementor-widget-wrap elementor-element-populated\">\n\t\t\t\t\t\t<div class=\"elementor-element elementor-element-b377a0e elementor-widget elementor-widget-heading\" data-id=\"b377a0e\" data-element_type=\"widget\" data-widget_type=\"heading.default\">\n\t\t\t\t<div class=\"elementor-widget-container\">\n\t\t\t<div class=\"elementor-heading-title elementor-size-default\">FREQUENTLY ASKED QUESTIONS<\/div>\t\t<\/div>\n\t\t\t\t<\/div>\n\t\t\t\t<div class=\"elementor-element elementor-element-6b1608d1 elementor-widget elementor-widget-spacer\" data-id=\"6b1608d1\" data-element_type=\"widget\" data-widget_type=\"spacer.default\">\n\t\t\t\t<div class=\"elementor-widget-container\">\n\t\t\t\t\t<div class=\"elementor-spacer\">\n\t\t\t<div class=\"elementor-spacer-inner\"><\/div>\n\t\t<\/div>\n\t\t\t\t<\/div>\n\t\t\t\t<\/div>\n\t\t\t\t<div class=\"elementor-element elementor-element-717b9c92 elementor-widget elementor-widget-ld_accordion\" data-id=\"717b9c92\" data-element_type=\"widget\" data-widget_type=\"ld_accordion.default\">\n\t\t\t\t<div class=\"elementor-widget-container\">\n\t\t\t\n\t\t<div class=\"accordion accordion-sm accordion-side-spacing accordion-title-bg-transparent accordion-expander-left accordion-active-has-fill\" id=\"accordion-6a0526206f57c\" role=\"tablist\" aria-multiselectable=\"true\">\n\t\t\t\t\t\t\t\t\t\t\t\t<div class=\"accordion-item panel  active\">\n\n\t\t\t\t<div class=\"accordion-heading\" role=\"tab\" id=\"heading-1901\">\n\t\t\t\t<h4 class=\"accordion-title  tabindex=\"-1\">\t\t\t\t\t<a class=\"\" role=\"button\" data-toggle=\"collapse\" data-bs-toggle=\"collapse\"\n                    tabindex=\"0\"\n\t\t\t\t\tdata-parent=\"#accordion-6a0526206f57c\" data-bs-parent=\"#accordion-6a0526206f57c\" href=\"#collapse-1901\" data-target=\"#collapse-1901\" data-bs-target=\"#collapse-1901\"\n\t\t\t\t\taria-expanded=\"true\" aria-controls=\"collapse-1901\">\n\t\t\t\t\t\t\t\t\t\t\t\t\t<span class=\"accordion-expander\"><i class=\"lqd-icn-ess icon-ion-ios-arrow-down\"><\/i><i class=\"lqd-icn-ess icon-ion-ios-arrow-up\"><\/i><\/span>\t\t\t\t\t\t\t\t\t\t\t\t<span class=\"accordion-title-txt\">Who are the Right Candidates for Surgery?<\/span>\n\t\t\t\t\t\t\t\t\t\t\t<\/a>\n\t\t\t\t<\/h4>\t\t\t\t<\/div>\n\n\t\t\t\t<div id=\"collapse-1901\" class=\"accordion-collapse collapse  show\" data-bs-parent=\"#accordion-6a0526206f57c\" role=\"tabpanel\" aria-labelledby=\"heading-1901\">\n\n\t\t\t\t<div class=\"accordion-content\">\n\t\t\t\t\tMen over the age of 18 who are dissatisfied with the appearance and size of their breasts may consider surgery.\t\t\t\t<\/div>\n\n\t\t\t\t<\/div>\n\n\t\t\t<\/div>\n\t\t\t\t\t\t\t\t\t<div class=\"accordion-item panel\">\n\n\t\t\t\t<div class=\"accordion-heading\" role=\"tab\" id=\"heading-1902\">\n\t\t\t\t<h4 class=\"accordion-title  tabindex=\"-1\">\t\t\t\t\t<a class=\"collapsed\" role=\"button\" data-toggle=\"collapse\" data-bs-toggle=\"collapse\"\n                    tabindex=\"0\"\n\t\t\t\t\tdata-parent=\"#accordion-6a0526206f57c\" data-bs-parent=\"#accordion-6a0526206f57c\" href=\"#collapse-1902\" data-target=\"#collapse-1902\" data-bs-target=\"#collapse-1902\"\n\t\t\t\t\taria-expanded=\"false\" aria-controls=\"collapse-1902\">\n\t\t\t\t\t\t\t\t\t\t\t\t\t<span class=\"accordion-expander\"><i class=\"lqd-icn-ess icon-ion-ios-arrow-down\"><\/i><i class=\"lqd-icn-ess icon-ion-ios-arrow-up\"><\/i><\/span>\t\t\t\t\t\t\t\t\t\t\t\t<span class=\"accordion-title-txt\">When Can I Go Back to Work After Surgery?<\/span>\n\t\t\t\t\t\t\t\t\t\t\t<\/a>\n\t\t\t\t<\/h4>\t\t\t\t<\/div>\n\n\t\t\t\t<div id=\"collapse-1902\" class=\"accordion-collapse collapse\" data-bs-parent=\"#accordion-6a0526206f57c\" role=\"tabpanel\" aria-labelledby=\"heading-1902\">\n\n\t\t\t\t<div class=\"accordion-content\">\n\t\t\t\t\tPeople who work in an office can usually return to work after 3 or 4 days. Patients who need physical activity in their work can return to work after a few weeks.\t\t\t\t<\/div>\n\n\t\t\t\t<\/div>\n\n\t\t\t<\/div>\n\t\t\t\t\t\t\t\t\t<div class=\"accordion-item panel\">\n\n\t\t\t\t<div class=\"accordion-heading\" role=\"tab\" id=\"heading-1903\">\n\t\t\t\t<h4 class=\"accordion-title  tabindex=\"-1\">\t\t\t\t\t<a class=\"collapsed\" role=\"button\" data-toggle=\"collapse\" data-bs-toggle=\"collapse\"\n                    tabindex=\"0\"\n\t\t\t\t\tdata-parent=\"#accordion-6a0526206f57c\" data-bs-parent=\"#accordion-6a0526206f57c\" href=\"#collapse-1903\" data-target=\"#collapse-1903\" data-bs-target=\"#collapse-1903\"\n\t\t\t\t\taria-expanded=\"false\" aria-controls=\"collapse-1903\">\n\t\t\t\t\t\t\t\t\t\t\t\t\t<span class=\"accordion-expander\"><i class=\"lqd-icn-ess icon-ion-ios-arrow-down\"><\/i><i class=\"lqd-icn-ess icon-ion-ios-arrow-up\"><\/i><\/span>\t\t\t\t\t\t\t\t\t\t\t\t<span class=\"accordion-title-txt\">Can I Treat Gynecomastia with Chemical Drugs?<\/span>\n\t\t\t\t\t\t\t\t\t\t\t<\/a>\n\t\t\t\t<\/h4>\t\t\t\t<\/div>\n\n\t\t\t\t<div id=\"collapse-1903\" class=\"accordion-collapse collapse\" data-bs-parent=\"#accordion-6a0526206f57c\" role=\"tabpanel\" aria-labelledby=\"heading-1903\">\n\n\t\t\t\t<div class=\"accordion-content\">\n\t\t\t\t\tNo, gynecomastia cannot be treated with medication. Only surgical intervention guarantees to eliminate gynecomastia with permanent results.\n\n\t\t\t\t<\/div>\n\n\t\t\t\t<\/div>\n\n\t\t\t<\/div>\n\t\t\t\t\t\t\n\t\t<\/div>\n\n\t\t\t\t<\/div>\n\t\t\t\t<\/div>\n\t\t\t\t\t<\/div>\n\t\t<\/div>\n\t\t\t\t\t<\/div>\n\t\t<\/section>\n\t\t\t\t\t<\/div>\n\t\t<\/div>\n\t\t\t\t\t<\/div>\n\t\t<\/section>\n\t\t\t\t<\/div>","protected":false},"excerpt":{"rendered":"<p>TREATMENT CONTENT FAQ TREATMENT CONTENT Jinekomasti erkeklerde meme b\u00fcy\u00fcmesi olarak adland\u0131r\u0131lmaktad\u0131r. Bu durum asl\u0131nda \u00e7ok s\u0131k rastlanan bir durumdur. Meme b\u00fcy\u00fcmesinin sebepleri; hormonsal problemler, ergenlik, tiroit hastal\u0131klar\u0131, karaci\u011fer rahats\u0131zl\u0131klar\u0131, ya\u015fl\u0131l\u0131k, fazlaca alkol kullan\u0131m\u0131 ve kullan\u0131lan baz\u0131 ila\u00e7lard\u0131r. Erkek meme dokusunun kad\u0131n memesinden hi\u00e7bir fark\u0131 yoktur. \u0130\u00e7erisinde s\u00fct sentezleyen bezler, kanallar ve ya\u011f dokusu bulunmaktad\u0131r. Erkeklerde [&hellip;]<\/p>","protected":false},"author":1,"featured_media":0,"parent":18568,"menu_order":0,"comment_status":"closed","ping_status":"closed","template":"","meta":{"footnotes":""},"class_list":["post-18182","page","type-page","status-publish","hentry"],"aioseo_notices":[],"_links":{"self":[{"href":"https:\/\/megapolhastanesi.com.tr\/en\/wp-json\/wp\/v2\/pages\/18182","targetHints":{"allow":["GET"]}}],"collection":[{"href":"https:\/\/megapolhastanesi.com.tr\/en\/wp-json\/wp\/v2\/pages"}],"about":[{"href":"https:\/\/megapolhastanesi.com.tr\/en\/wp-json\/wp\/v2\/types\/page"}],"author":[{"embeddable":true,"href":"https:\/\/megapolhastanesi.com.tr\/en\/wp-json\/wp\/v2\/users\/1"}],"replies":[{"embeddable":true,"href":"https:\/\/megapolhastanesi.com.tr\/en\/wp-json\/wp\/v2\/comments?post=18182"}],"version-history":[{"count":5,"href":"https:\/\/megapolhastanesi.com.tr\/en\/wp-json\/wp\/v2\/pages\/18182\/revisions"}],"predecessor-version":[{"id":19010,"href":"https:\/\/megapolhastanesi.com.tr\/en\/wp-json\/wp\/v2\/pages\/18182\/revisions\/19010"}],"up":[{"embeddable":true,"href":"https:\/\/megapolhastanesi.com.tr\/en\/wp-json\/wp\/v2\/pages\/18568"}],"wp:attachment":[{"href":"https:\/\/megapolhastanesi.com.tr\/en\/wp-json\/wp\/v2\/media?parent=18182"}],"curies":[{"name":"wp","href":"https:\/\/api.w.org\/{rel}","templated":true}]}}